{"id":1692,"date":"2025-10-03T14:23:51","date_gmt":"2025-10-03T12:23:51","guid":{"rendered":"https:\/\/prefa.sk\/policy-and-quality"},"modified":"2026-01-24T19:20:43","modified_gmt":"2026-01-24T18:20:43","slug":"policy-and-quality","status":"publish","type":"page","link":"https:\/\/prefa.sk\/en\/policy-and-quality","title":{"rendered":"Policy and Quality"},"content":{"rendered":"\t\t<div data-elementor-type=\"wp-page\" data-elementor-id=\"1692\" class=\"elementor elementor-1692 elementor-126\" data-elementor-post-type=\"page\">\n\t\t\t\t<div class=\"elementor-element elementor-element-af1093a e-flex e-con-boxed e-con e-parent\" data-id=\"af1093a\" data-element_type=\"container\" data-settings=\"{&quot;background_background&quot;:&quot;classic&quot;}\">\n\t\t\t\t\t<div class=\"e-con-inner\">\n\t\t<div class=\"elementor-element elementor-element-a6cfd59 e-con-full e-flex e-con e-child\" data-id=\"a6cfd59\" data-element_type=\"container\">\n\t\t\t\t<div class=\"elementor-element elementor-element-46c8d1a7 elementor-widget elementor-widget-heading\" data-id=\"46c8d1a7\" data-element_type=\"widget\" data-widget_type=\"heading.default\">\n\t\t\t\t\t<h1 class=\"elementor-heading-title elementor-size-default\">Quality Policy<\/h1>\t\t\t\t<\/div>\n\t\t\t\t<div class=\"elementor-element elementor-element-1b0f47e2 elementor-widget elementor-widget-text-editor\" data-id=\"1b0f47e2\" data-element_type=\"widget\" data-widget_type=\"text-editor.default\">\n\t\t\t\t\t\t\t\t\t<p>&#8220;The vision of the management of PREFA invest, a.s. is to build a stable, innovative and respected company that is a leader and reliable partner in the construction market. We achieve this goal by systematically introducing modern production technologies, developing long-term relationships with existing and new customers and constantly improving our processes. At the same time, we emphasize the principles of sustainability, environmental protection and responsible handling of materials.&#8221;  <\/p>\t\t\t\t\t\t\t\t<\/div>\n\t\t\t\t<div class=\"elementor-element elementor-element-60d2c78 elementor-widget elementor-widget-heading\" data-id=\"60d2c78\" data-element_type=\"widget\" data-widget_type=\"heading.default\">\n\t\t\t\t\t<h2 class=\"elementor-heading-title elementor-size-default\">Main principles of our company's policy:<\/h2>\t\t\t\t<\/div>\n\t\t\t\t<div class=\"elementor-element elementor-element-03cbb21 elementor-widget elementor-widget-text-editor\" data-id=\"03cbb21\" data-element_type=\"widget\" data-widget_type=\"text-editor.default\">\n\t\t\t\t\t\t\t\t\t<ul><li>Product Quality: Ensuring a high standard of product quality requirements, which is the basis for the long-term development and prosperity of the company. We are introducing a systematic approach to environmental product declarations (EPD certification), which provide customers with transparent information about the environmental impact of our products. <\/li><li>Meeting deadlines: Rely on the accurate and reliable fulfillment of deadlines agreed with customers.<\/li><li>Business and product strategy: To continuously advance and strengthen our position in the construction market through a well-thought-out business strategy and assortment policy. Our solutions are geared towards sustainability, efficient use of resources and the inclusion of recycled materials in production. <\/li><li>Employee Development: Support the professional growth and education of employees through regular training programs focused on quality, new technologies, and environmental responsibility.<\/li><li>Innovation and Technology: Continuously improve production technologies and equipment by introducing innovations, new materials and efficient renovation of existing production facilities in order to reduce environmental burden.<\/li><li>Environmental protection: We actively protect the environment and strive to prevent pollution not only in accordance with legislation, but also beyond legal requirements. We support the recycling of materials and sustainable practices in all production and logistics processes, while seeking new ways to minimize the environmental burden of our activities. <\/li><li>Continuous improvement: Systematically improve process quality, environmental performance and product sustainability through measurable goals and regular evaluation of results.<\/li><\/ul>\t\t\t\t\t\t\t\t<\/div>\n\t\t\t\t<\/div>\n\t\t<div class=\"elementor-element elementor-element-6d06151 e-con-full e-flex e-con e-child\" data-id=\"6d06151\" data-element_type=\"container\">\n\t\t\t\t<div class=\"elementor-element elementor-element-f4a4ef4 elementor-widget elementor-widget-image\" data-id=\"f4a4ef4\" data-element_type=\"widget\" data-widget_type=\"image.default\">\n\t\t\t\t\t\t\t\t\t\t\t\t\t\t\t<img fetchpriority=\"high\" decoding=\"async\" width=\"1400\" height=\"1951\" src=\"https:\/\/prefa.sk\/wp-content\/uploads\/2025\/11\/PREFA-Politika-kvality-A4-graficky.jpg\" class=\"attachment-full size-full wp-image-1976\" alt=\"\" srcset=\"https:\/\/prefa.sk\/wp-content\/uploads\/2025\/11\/PREFA-Politika-kvality-A4-graficky.jpg 1400w, https:\/\/prefa.sk\/wp-content\/uploads\/2025\/11\/PREFA-Politika-kvality-A4-graficky-215x300.jpg 215w, https:\/\/prefa.sk\/wp-content\/uploads\/2025\/11\/PREFA-Politika-kvality-A4-graficky-735x1024.jpg 735w, https:\/\/prefa.sk\/wp-content\/uploads\/2025\/11\/PREFA-Politika-kvality-A4-graficky-768x1070.jpg 768w, https:\/\/prefa.sk\/wp-content\/uploads\/2025\/11\/PREFA-Politika-kvality-A4-graficky-1102x1536.jpg 1102w\" sizes=\"(max-width: 1400px) 100vw, 1400px\" \/>\t\t\t\t\t\t\t\t\t\t\t\t\t\t\t<\/div>\n\t\t\t\t<\/div>\n\t\t\t\t\t<\/div>\n\t\t\t\t<\/div>\n\t\t<div class=\"elementor-element elementor-element-6b1a776a e-flex e-con-boxed e-con e-parent\" data-id=\"6b1a776a\" data-element_type=\"container\" data-settings=\"{&quot;background_background&quot;:&quot;classic&quot;}\">\n\t\t\t\t\t<div class=\"e-con-inner\">\n\t\t<div class=\"elementor-element elementor-element-2c17b0a e-con-full e-flex e-con e-child\" data-id=\"2c17b0a\" data-element_type=\"container\">\n\t\t\t\t<div class=\"elementor-element elementor-element-7527862 elementor-widget elementor-widget-heading\" data-id=\"7527862\" data-element_type=\"widget\" data-widget_type=\"heading.default\">\n\t\t\t\t\t<h1 class=\"elementor-heading-title elementor-size-default\">Additional Documents<\/h1>\t\t\t\t<\/div>\n\t\t\t\t<div class=\"elementor-element elementor-element-6f433fa elementor-widget elementor-widget-text-editor\" data-id=\"6f433fa\" data-element_type=\"widget\" data-widget_type=\"text-editor.default\">\n\t\t\t\t\t\t\t\t\t<p>Documents and materials related to legislative requirements, business conditions, initiatives, and measures in the area of prevention and legalization of terrorism. We publish them to provide transparent and clear information. <\/p>\t\t\t\t\t\t\t\t<\/div>\n\t\t\t\t<\/div>\n\t\t<div class=\"elementor-element elementor-element-10e9e03 e-con-full e-flex e-con e-child\" data-id=\"10e9e03\" data-element_type=\"container\">\n\t\t\t\t<div class=\"elementor-element elementor-element-e63c007 elementor-icon-list--layout-traditional elementor-list-item-link-full_width elementor-widget elementor-widget-icon-list\" data-id=\"e63c007\" data-element_type=\"widget\" data-widget_type=\"icon-list.default\">\n\t\t\t\t\t\t\t<ul class=\"elementor-icon-list-items\">\n\t\t\t\t\t\t\t<li class=\"elementor-icon-list-item\">\n\t\t\t\t\t\t\t\t\t\t\t<a href=\"https:\/\/prefa.sk\/wp-content\/uploads\/2025\/10\/EPD-betonove-prefabrikaty_PREFA_certifikat-.pdf\">\n\n\t\t\t\t\t\t\t\t\t\t\t<span class=\"elementor-icon-list-text\">EPD Certificate<\/span>\n\t\t\t\t\t\t\t\t\t\t\t<\/a>\n\t\t\t\t\t\t\t\t\t<\/li>\n\t\t\t\t\t\t\t\t<li class=\"elementor-icon-list-item\">\n\t\t\t\t\t\t\t\t\t\t\t<a href=\"https:\/\/prefa.sk\/wp-content\/uploads\/2025\/10\/prepravnyporiadok092025.pdf\">\n\n\t\t\t\t\t\t\t\t\t\t\t<span class=\"elementor-icon-list-text\">Transport Regulations<\/span>\n\t\t\t\t\t\t\t\t\t\t\t<\/a>\n\t\t\t\t\t\t\t\t\t<\/li>\n\t\t\t\t\t\t\t\t<li class=\"elementor-icon-list-item\">\n\t\t\t\t\t\t\t\t\t\t\t<a href=\"https:\/\/prefa.sk\/wp-content\/uploads\/2025\/10\/smernica.pdf\">\n\n\t\t\t\t\t\t\t\t\t\t\t<span class=\"elementor-icon-list-text\">Anti-Money Laundering and Counter-Terrorism Financing Program<\/span>\n\t\t\t\t\t\t\t\t\t\t\t<\/a>\n\t\t\t\t\t\t\t\t\t<\/li>\n\t\t\t\t\t\t\t\t<li class=\"elementor-icon-list-item\">\n\t\t\t\t\t\t\t\t\t\t\t<a href=\"https:\/\/prefa.sk\/wp-content\/uploads\/2025\/10\/preverovaniepodnetov.pdf\">\n\n\t\t\t\t\t\t\t\t\t\t\t<span class=\"elementor-icon-list-text\">Complaint Investigation<\/span>\n\t\t\t\t\t\t\t\t\t\t\t<\/a>\n\t\t\t\t\t\t\t\t\t<\/li>\n\t\t\t\t\t\t\t\t<li class=\"elementor-icon-list-item\">\n\t\t\t\t\t\t\t\t\t\t\t<a href=\"https:\/\/prefa.sk\/wp-content\/uploads\/2025\/10\/zasady.pdf\">\n\n\t\t\t\t\t\t\t\t\t\t\t<span class=\"elementor-icon-list-text\">Internal Regulations<\/span>\n\t\t\t\t\t\t\t\t\t\t\t<\/a>\n\t\t\t\t\t\t\t\t\t<\/li>\n\t\t\t\t\t\t\t\t<li class=\"elementor-icon-list-item\">\n\t\t\t\t\t\t\t\t\t\t\t<a href=\"https:\/\/prefa.sk\/wp-content\/uploads\/2025\/10\/vop2024.pdf\">\n\n\t\t\t\t\t\t\t\t\t\t\t<span class=\"elementor-icon-list-text\">Terms and Conditions<\/span>\n\t\t\t\t\t\t\t\t\t\t\t<\/a>\n\t\t\t\t\t\t\t\t\t<\/li>\n\t\t\t\t\t\t<\/ul>\n\t\t\t\t\t\t<\/div>\n\t\t\t\t<\/div>\n\t\t\t\t\t<\/div>\n\t\t\t\t<\/div>\n\t\t<div class=\"elementor-element elementor-element-3fd221ba e-flex e-con-boxed e-con e-parent\" data-id=\"3fd221ba\" data-element_type=\"container\">\n\t\t\t\t\t<div class=\"e-con-inner\">\n\t\t<div class=\"elementor-element elementor-element-5b8d4254 e-flex e-con-boxed e-con e-child\" data-id=\"5b8d4254\" data-element_type=\"container\">\n\t\t\t\t\t<div class=\"e-con-inner\">\n\t\t\t\t<div class=\"elementor-element elementor-element-780787e4 elementor-widget elementor-widget-heading\" data-id=\"780787e4\" data-element_type=\"widget\" data-widget_type=\"heading.default\">\n\t\t\t\t\t<h1 class=\"elementor-heading-title elementor-size-default\">Certificates<\/h1>\t\t\t\t<\/div>\n\t\t\t\t<div class=\"elementor-element elementor-element-196d2e5 elementor-widget elementor-widget-gallery\" data-id=\"196d2e5\" data-element_type=\"widget\" data-settings=\"{&quot;gallery_layout&quot;:&quot;justified&quot;,&quot;ideal_row_height&quot;:{&quot;unit&quot;:&quot;px&quot;,&quot;size&quot;:409,&quot;sizes&quot;:[]},&quot;gap&quot;:{&quot;unit&quot;:&quot;px&quot;,&quot;size&quot;:30,&quot;sizes&quot;:[]},&quot;ideal_row_height_tablet&quot;:{&quot;unit&quot;:&quot;px&quot;,&quot;size&quot;:312,&quot;sizes&quot;:[]},&quot;lazyload&quot;:&quot;yes&quot;,&quot;ideal_row_height_mobile&quot;:{&quot;unit&quot;:&quot;px&quot;,&quot;size&quot;:150,&quot;sizes&quot;:[]},&quot;gap_tablet&quot;:{&quot;unit&quot;:&quot;px&quot;,&quot;size&quot;:10,&quot;sizes&quot;:[]},&quot;gap_mobile&quot;:{&quot;unit&quot;:&quot;px&quot;,&quot;size&quot;:10,&quot;sizes&quot;:[]},&quot;link_to&quot;:&quot;file&quot;,&quot;overlay_background&quot;:&quot;yes&quot;,&quot;content_hover_animation&quot;:&quot;fade-in&quot;}\" data-widget_type=\"gallery.default\">\n\t\t\t\t\t\t\t<div class=\"elementor-gallery__container\">\n\t\t\t\t\t\t\t<a class=\"e-gallery-item elementor-gallery-item elementor-animated-content\" href=\"https:\/\/prefa.sk\/wp-content\/uploads\/2025\/10\/zhodasystemu-1.jpg\" data-elementor-open-lightbox=\"yes\" data-elementor-lightbox-slideshow=\"196d2e5\" data-elementor-lightbox-title=\"Zhodasystemu-1\" data-e-action-hash=\"#elementor-action%3Aaction%3Dlightbox%26settings%3DeyJpZCI6MTY4MSwidXJsIjoiaHR0cHM6XC9cL3ByZWZhLnNrXC93cC1jb250ZW50XC91cGxvYWRzXC8yMDI1XC8xMFwvemhvZGFzeXN0ZW11LTEuanBnIiwic2xpZGVzaG93IjoiMTk2ZDJlNSJ9\">\n\t\t\t\t\t<div class=\"e-gallery-image elementor-gallery-item__image\" data-thumbnail=\"https:\/\/prefa.sk\/wp-content\/uploads\/2025\/10\/zhodasystemu-1.jpg\" data-width=\"900\" data-height=\"1273\" aria-label=\"\" role=\"img\" ><\/div>\n\t\t\t\t\t\t\t\t\t\t\t<div class=\"elementor-gallery-item__overlay\"><\/div>\n\t\t\t\t\t\t\t\t\t\t\t\t\t\t<\/a>\n\t\t\t\t\t\t\t<a class=\"e-gallery-item elementor-gallery-item elementor-animated-content\" href=\"https:\/\/prefa.sk\/wp-content\/uploads\/2026\/01\/ISO-9001.2015sk.jpg\" data-elementor-open-lightbox=\"yes\" data-elementor-lightbox-slideshow=\"196d2e5\" data-elementor-lightbox-title=\"ISO 9001.2015sk\" data-e-action-hash=\"#elementor-action%3Aaction%3Dlightbox%26settings%3DeyJpZCI6MjAxNSwidXJsIjoiaHR0cHM6XC9cL3ByZWZhLnNrXC93cC1jb250ZW50XC91cGxvYWRzXC8yMDI2XC8wMVwvSVNPLTkwMDEuMjAxNXNrLmpwZyIsInNsaWRlc2hvdyI6IjE5NmQyZTUifQ%3D%3D\">\n\t\t\t\t\t<div class=\"e-gallery-image elementor-gallery-item__image\" data-thumbnail=\"https:\/\/prefa.sk\/wp-content\/uploads\/2026\/01\/ISO-9001.2015sk.jpg\" data-width=\"1600\" data-height=\"2280\" aria-label=\"\" role=\"img\" ><\/div>\n\t\t\t\t\t\t\t\t\t\t\t<div class=\"elementor-gallery-item__overlay\"><\/div>\n\t\t\t\t\t\t\t\t\t\t\t\t\t\t<\/a>\n\t\t\t\t\t\t\t<a class=\"e-gallery-item elementor-gallery-item elementor-animated-content\" href=\"https:\/\/prefa.sk\/wp-content\/uploads\/2026\/01\/ISO-14001.2015sk.jpg\" data-elementor-open-lightbox=\"yes\" data-elementor-lightbox-slideshow=\"196d2e5\" data-elementor-lightbox-title=\"ISO 14001.2015sk\" data-e-action-hash=\"#elementor-action%3Aaction%3Dlightbox%26settings%3DeyJpZCI6MjAxNCwidXJsIjoiaHR0cHM6XC9cL3ByZWZhLnNrXC93cC1jb250ZW50XC91cGxvYWRzXC8yMDI2XC8wMVwvSVNPLTE0MDAxLjIwMTVzay5qcGciLCJzbGlkZXNob3ciOiIxOTZkMmU1In0%3D\">\n\t\t\t\t\t<div class=\"e-gallery-image elementor-gallery-item__image\" data-thumbnail=\"https:\/\/prefa.sk\/wp-content\/uploads\/2026\/01\/ISO-14001.2015sk.jpg\" data-width=\"1600\" data-height=\"2318\" aria-label=\"\" role=\"img\" ><\/div>\n\t\t\t\t\t\t\t\t\t\t\t<div class=\"elementor-gallery-item__overlay\"><\/div>\n\t\t\t\t\t\t\t\t\t\t\t\t\t\t<\/a>\n\t\t\t\t\t\t\t<a class=\"e-gallery-item elementor-gallery-item elementor-animated-content\" href=\"https:\/\/prefa.sk\/wp-content\/uploads\/2025\/10\/greenpower.jpg\" data-elementor-open-lightbox=\"yes\" data-elementor-lightbox-slideshow=\"196d2e5\" data-elementor-lightbox-title=\"Greenpower\" data-e-action-hash=\"#elementor-action%3Aaction%3Dlightbox%26settings%3DeyJpZCI6MTY4NCwidXJsIjoiaHR0cHM6XC9cL3ByZWZhLnNrXC93cC1jb250ZW50XC91cGxvYWRzXC8yMDI1XC8xMFwvZ3JlZW5wb3dlci5qcGciLCJzbGlkZXNob3ciOiIxOTZkMmU1In0%3D\">\n\t\t\t\t\t<div class=\"e-gallery-image elementor-gallery-item__image\" data-thumbnail=\"https:\/\/prefa.sk\/wp-content\/uploads\/2025\/10\/greenpower.jpg\" data-width=\"788\" data-height=\"1200\" aria-label=\"\" role=\"img\" ><\/div>\n\t\t\t\t\t\t\t\t\t\t\t<div class=\"elementor-gallery-item__overlay\"><\/div>\n\t\t\t\t\t\t\t\t\t\t\t\t\t\t<\/a>\n\t\t\t\t\t\t\t<a class=\"e-gallery-item elementor-gallery-item elementor-animated-content\" href=\"https:\/\/prefa.sk\/wp-content\/uploads\/2025\/10\/np2.jpg\" data-elementor-open-lightbox=\"yes\" data-elementor-lightbox-slideshow=\"196d2e5\" data-elementor-lightbox-title=\"Np2\" data-e-action-hash=\"#elementor-action%3Aaction%3Dlightbox%26settings%3DeyJpZCI6MTY4NSwidXJsIjoiaHR0cHM6XC9cL3ByZWZhLnNrXC93cC1jb250ZW50XC91cGxvYWRzXC8yMDI1XC8xMFwvbnAyLmpwZyIsInNsaWRlc2hvdyI6IjE5NmQyZTUifQ%3D%3D\">\n\t\t\t\t\t<div class=\"e-gallery-image elementor-gallery-item__image\" data-thumbnail=\"https:\/\/prefa.sk\/wp-content\/uploads\/2025\/10\/np2.jpg\" data-width=\"1500\" data-height=\"1060\" aria-label=\"\" role=\"img\" ><\/div>\n\t\t\t\t\t\t\t\t\t\t\t<div class=\"elementor-gallery-item__overlay\"><\/div>\n\t\t\t\t\t\t\t\t\t\t\t\t\t\t<\/a>\n\t\t\t\t\t\t\t<a class=\"e-gallery-item elementor-gallery-item elementor-animated-content\" href=\"https:\/\/prefa.sk\/wp-content\/uploads\/2025\/10\/np1.jpg\" data-elementor-open-lightbox=\"yes\" data-elementor-lightbox-slideshow=\"196d2e5\" data-elementor-lightbox-title=\"Np1\" data-e-action-hash=\"#elementor-action%3Aaction%3Dlightbox%26settings%3DeyJpZCI6MTY4NiwidXJsIjoiaHR0cHM6XC9cL3ByZWZhLnNrXC93cC1jb250ZW50XC91cGxvYWRzXC8yMDI1XC8xMFwvbnAxLmpwZyIsInNsaWRlc2hvdyI6IjE5NmQyZTUifQ%3D%3D\">\n\t\t\t\t\t<div class=\"e-gallery-image elementor-gallery-item__image\" data-thumbnail=\"https:\/\/prefa.sk\/wp-content\/uploads\/2025\/10\/np1.jpg\" data-width=\"1500\" data-height=\"1060\" aria-label=\"\" role=\"img\" ><\/div>\n\t\t\t\t\t\t\t\t\t\t\t<div class=\"elementor-gallery-item__overlay\"><\/div>\n\t\t\t\t\t\t\t\t\t\t\t\t\t\t<\/a>\n\t\t\t\t\t<\/div>\n\t\t\t\t\t<\/div>\n\t\t\t\t\t<\/div>\n\t\t\t\t<\/div>\n\t\t\t\t\t<\/div>\n\t\t\t\t<\/div>\n\t\t<div class=\"elementor-element elementor-element-56de69ec e-flex e-con-boxed e-con e-parent\" data-id=\"56de69ec\" data-element_type=\"container\" data-settings=\"{&quot;background_background&quot;:&quot;classic&quot;}\">\n\t\t\t\t\t<div class=\"e-con-inner\">\n\t\t\t\t<div class=\"elementor-element elementor-element-74c5112f elementor-widget elementor-widget-heading\" data-id=\"74c5112f\" data-element_type=\"widget\" data-widget_type=\"heading.default\">\n\t\t\t\t\t<h1 class=\"elementor-heading-title elementor-size-default\">Need assistance?<\/h1>\t\t\t\t<\/div>\n\t\t\t\t<div class=\"elementor-element elementor-element-5a453199 elementor-mobile-align-justify animated-fast elementor-align-center elementor-invisible elementor-widget elementor-widget-button\" data-id=\"5a453199\" data-element_type=\"widget\" data-settings=\"{&quot;_animation&quot;:&quot;fadeIn&quot;,&quot;_animation_delay&quot;:400}\" data-widget_type=\"button.default\">\n\t\t\t\t\t\t\t\t\t\t<a class=\"elementor-button elementor-button-link elementor-size-sm elementor-animation-float\" href=\"https:\/\/prefa.sk\/en\/contact\">\n\t\t\t\t\t\t<span class=\"elementor-button-content-wrapper\">\n\t\t\t\t\t\t\t\t\t<span class=\"elementor-button-text\">Contact us<\/span>\n\t\t\t\t\t<\/span>\n\t\t\t\t\t<\/a>\n\t\t\t\t\t\t\t\t<\/div>\n\t\t\t\t\t<\/div>\n\t\t\t\t<\/div>\n\t\t\t\t<\/div>\n\t\t","protected":false},"excerpt":{"rendered":"<p>Quality Policy &#8220;The vision of the management of PREFA invest, a.s. is to build a stable, innovative and respected company that is a leader and reliable partner in the construction market. We achieve this goal by systematically introducing modern production technologies, developing long-term relationships with existing and new customers and constantly improving our processes. At [&hellip;]<\/p>\n","protected":false},"author":1,"featured_media":0,"parent":0,"menu_order":0,"comment_status":"closed","ping_status":"closed","template":"","meta":{"footnotes":""},"class_list":["post-1692","page","type-page","status-publish","hentry"],"yoast_head":"<!-- This site is optimized with the Yoast SEO plugin v26.9 - https:\/\/yoast.com\/product\/yoast-seo-wordpress\/ -->\n<title>Policy and Quality - Prefa.sk<\/title>\n<meta name=\"robots\" content=\"index, follow, max-snippet:-1, max-image-preview:large, max-video-preview:-1\" \/>\n<link rel=\"canonical\" href=\"https:\/\/prefa.sk\/politika-a-kvalita\" \/>\n<meta property=\"og:locale\" content=\"en_US\" \/>\n<meta property=\"og:type\" content=\"article\" \/>\n<meta property=\"og:title\" content=\"Policy and Quality - Prefa.sk\" \/>\n<meta property=\"og:description\" content=\"Quality Policy &#8220;The vision of the management of PREFA invest, a.s. is to build a stable, innovative and respected company that is a leader and reliable partner in the construction market. We achieve this goal by systematically introducing modern production technologies, developing long-term relationships with existing and new customers and constantly improving our processes. At [&hellip;]\" \/>\n<meta property=\"og:url\" content=\"https:\/\/prefa.sk\/politika-a-kvalita\" \/>\n<meta property=\"og:site_name\" content=\"Prefa.sk\" \/>\n<meta property=\"article:modified_time\" content=\"2026-01-24T18:20:43+00:00\" \/>\n<meta property=\"og:image\" content=\"https:\/\/prefa.sk\/wp-content\/uploads\/2025\/11\/PREFA-Politika-kvality-A4-graficky.jpg\" \/>\n\t<meta property=\"og:image:width\" content=\"1400\" \/>\n\t<meta property=\"og:image:height\" content=\"1951\" \/>\n\t<meta property=\"og:image:type\" content=\"image\/jpeg\" \/>\n<meta name=\"twitter:card\" content=\"summary_large_image\" \/>\n<meta name=\"twitter:label1\" content=\"Est. reading time\" \/>\n\t<meta name=\"twitter:data1\" content=\"2 minutes\" \/>\n<script type=\"application\/ld+json\" class=\"yoast-schema-graph\">{\"@context\":\"https:\/\/schema.org\",\"@graph\":[{\"@type\":\"WebPage\",\"@id\":\"https:\/\/prefa.sk\/politika-a-kvalita\",\"url\":\"https:\/\/prefa.sk\/politika-a-kvalita\",\"name\":\"Policy and Quality - Prefa.sk\",\"isPartOf\":{\"@id\":\"https:\/\/prefa.sk\/#website\"},\"primaryImageOfPage\":{\"@id\":\"https:\/\/prefa.sk\/politika-a-kvalita#primaryimage\"},\"image\":{\"@id\":\"https:\/\/prefa.sk\/politika-a-kvalita#primaryimage\"},\"thumbnailUrl\":\"https:\/\/prefa.sk\/wp-content\/uploads\/2025\/11\/PREFA-Politika-kvality-A4-graficky.jpg\",\"datePublished\":\"2025-10-03T12:23:51+00:00\",\"dateModified\":\"2026-01-24T18:20:43+00:00\",\"breadcrumb\":{\"@id\":\"https:\/\/prefa.sk\/politika-a-kvalita#breadcrumb\"},\"inLanguage\":\"en-US\",\"potentialAction\":[{\"@type\":\"ReadAction\",\"target\":[\"https:\/\/prefa.sk\/politika-a-kvalita\"]}]},{\"@type\":\"ImageObject\",\"inLanguage\":\"en-US\",\"@id\":\"https:\/\/prefa.sk\/politika-a-kvalita#primaryimage\",\"url\":\"https:\/\/prefa.sk\/wp-content\/uploads\/2025\/11\/PREFA-Politika-kvality-A4-graficky.jpg\",\"contentUrl\":\"https:\/\/prefa.sk\/wp-content\/uploads\/2025\/11\/PREFA-Politika-kvality-A4-graficky.jpg\"},{\"@type\":\"BreadcrumbList\",\"@id\":\"https:\/\/prefa.sk\/politika-a-kvalita#breadcrumb\",\"itemListElement\":[{\"@type\":\"ListItem\",\"position\":1,\"name\":\"Domovsk\u00e1 str\u00e1nka\",\"item\":\"https:\/\/prefa.sk\/\"},{\"@type\":\"ListItem\",\"position\":2,\"name\":\"Policy and Quality\"}]},{\"@type\":\"WebSite\",\"@id\":\"https:\/\/prefa.sk\/#website\",\"url\":\"https:\/\/prefa.sk\/\",\"name\":\"Prefa.sk\",\"description\":\"bet\u00f3nov\u00e9 prefabrik\u00e1ty, transportbet\u00f3n, dla\u017eby a tv\u00e1rnice\",\"potentialAction\":[{\"@type\":\"SearchAction\",\"target\":{\"@type\":\"EntryPoint\",\"urlTemplate\":\"https:\/\/prefa.sk\/?s={search_term_string}\"},\"query-input\":{\"@type\":\"PropertyValueSpecification\",\"valueRequired\":true,\"valueName\":\"search_term_string\"}}],\"inLanguage\":\"en-US\"}]}<\/script>\n<!-- \/ Yoast SEO plugin. -->","yoast_head_json":{"title":"Policy and Quality - Prefa.sk","robots":{"index":"index","follow":"follow","max-snippet":"max-snippet:-1","max-image-preview":"max-image-preview:large","max-video-preview":"max-video-preview:-1"},"canonical":"https:\/\/prefa.sk\/politika-a-kvalita","og_locale":"en_US","og_type":"article","og_title":"Policy and Quality - Prefa.sk","og_description":"Quality Policy &#8220;The vision of the management of PREFA invest, a.s. is to build a stable, innovative and respected company that is a leader and reliable partner in the construction market. We achieve this goal by systematically introducing modern production technologies, developing long-term relationships with existing and new customers and constantly improving our processes. At [&hellip;]","og_url":"https:\/\/prefa.sk\/politika-a-kvalita","og_site_name":"Prefa.sk","article_modified_time":"2026-01-24T18:20:43+00:00","og_image":[{"width":1400,"height":1951,"url":"https:\/\/prefa.sk\/wp-content\/uploads\/2025\/11\/PREFA-Politika-kvality-A4-graficky.jpg","type":"image\/jpeg"}],"twitter_card":"summary_large_image","twitter_misc":{"Est. reading time":"2 minutes"},"schema":{"@context":"https:\/\/schema.org","@graph":[{"@type":"WebPage","@id":"https:\/\/prefa.sk\/politika-a-kvalita","url":"https:\/\/prefa.sk\/politika-a-kvalita","name":"Policy and Quality - Prefa.sk","isPartOf":{"@id":"https:\/\/prefa.sk\/#website"},"primaryImageOfPage":{"@id":"https:\/\/prefa.sk\/politika-a-kvalita#primaryimage"},"image":{"@id":"https:\/\/prefa.sk\/politika-a-kvalita#primaryimage"},"thumbnailUrl":"https:\/\/prefa.sk\/wp-content\/uploads\/2025\/11\/PREFA-Politika-kvality-A4-graficky.jpg","datePublished":"2025-10-03T12:23:51+00:00","dateModified":"2026-01-24T18:20:43+00:00","breadcrumb":{"@id":"https:\/\/prefa.sk\/politika-a-kvalita#breadcrumb"},"inLanguage":"en-US","potentialAction":[{"@type":"ReadAction","target":["https:\/\/prefa.sk\/politika-a-kvalita"]}]},{"@type":"ImageObject","inLanguage":"en-US","@id":"https:\/\/prefa.sk\/politika-a-kvalita#primaryimage","url":"https:\/\/prefa.sk\/wp-content\/uploads\/2025\/11\/PREFA-Politika-kvality-A4-graficky.jpg","contentUrl":"https:\/\/prefa.sk\/wp-content\/uploads\/2025\/11\/PREFA-Politika-kvality-A4-graficky.jpg"},{"@type":"BreadcrumbList","@id":"https:\/\/prefa.sk\/politika-a-kvalita#breadcrumb","itemListElement":[{"@type":"ListItem","position":1,"name":"Domovsk\u00e1 str\u00e1nka","item":"https:\/\/prefa.sk\/"},{"@type":"ListItem","position":2,"name":"Policy and Quality"}]},{"@type":"WebSite","@id":"https:\/\/prefa.sk\/#website","url":"https:\/\/prefa.sk\/","name":"Prefa.sk","description":"bet\u00f3nov\u00e9 prefabrik\u00e1ty, transportbet\u00f3n, dla\u017eby a tv\u00e1rnice","potentialAction":[{"@type":"SearchAction","target":{"@type":"EntryPoint","urlTemplate":"https:\/\/prefa.sk\/?s={search_term_string}"},"query-input":{"@type":"PropertyValueSpecification","valueRequired":true,"valueName":"search_term_string"}}],"inLanguage":"en-US"}]}},"_links":{"self":[{"href":"https:\/\/prefa.sk\/en\/wp-json\/wp\/v2\/pages\/1692","targetHints":{"allow":["GET"]}}],"collection":[{"href":"https:\/\/prefa.sk\/en\/wp-json\/wp\/v2\/pages"}],"about":[{"href":"https:\/\/prefa.sk\/en\/wp-json\/wp\/v2\/types\/page"}],"author":[{"embeddable":true,"href":"https:\/\/prefa.sk\/en\/wp-json\/wp\/v2\/users\/1"}],"replies":[{"embeddable":true,"href":"https:\/\/prefa.sk\/en\/wp-json\/wp\/v2\/comments?post=1692"}],"version-history":[{"count":3,"href":"https:\/\/prefa.sk\/en\/wp-json\/wp\/v2\/pages\/1692\/revisions"}],"predecessor-version":[{"id":2022,"href":"https:\/\/prefa.sk\/en\/wp-json\/wp\/v2\/pages\/1692\/revisions\/2022"}],"wp:attachment":[{"href":"https:\/\/prefa.sk\/en\/wp-json\/wp\/v2\/media?parent=1692"}],"curies":[{"name":"wp","href":"https:\/\/api.w.org\/{rel}","templated":true}]}}